{"id":118,"date":"2023-09-19T11:54:03","date_gmt":"2023-09-19T09:54:03","guid":{"rendered":"https:\/\/aldila.fr\/?page_id=118"},"modified":"2023-09-19T12:01:53","modified_gmt":"2023-09-19T10:01:53","slug":"mentions-legales","status":"publish","type":"page","link":"https:\/\/aldila.fr\/index.php\/mentions-legales\/","title":{"rendered":"Mentions l\u00e9gales"},"content":{"rendered":"\t\t<div data-elementor-type=\"wp-page\" data-elementor-id=\"118\" class=\"elementor elementor-118\" data-elementor-post-type=\"page\">\n\t\t\t\t<div class=\"elementor-element elementor-element-2423ef3 e-flex e-con-boxed e-con e-parent\" data-id=\"2423ef3\" data-element_type=\"container\">\n\t\t\t\t\t<div class=\"e-con-inner\">\n\t\t\t\t<div class=\"elementor-element elementor-element-aed92b0 elementor-widget elementor-widget-heading\" data-id=\"aed92b0\" data-element_type=\"widget\" data-widget_type=\"heading.default\">\n\t\t\t\t<div class=\"elementor-widget-container\">\n\t\t\t\t\t<h1 class=\"elementor-heading-title elementor-size-default\">Mentions l\u00e9gales<\/h1>\t\t\t\t<\/div>\n\t\t\t\t<\/div>\n\t\t\t\t<div class=\"elementor-element elementor-element-d873090 elementor-widget elementor-widget-text-editor\" data-id=\"d873090\" data-element_type=\"widget\" data-widget_type=\"text-editor.default\">\n\t\t\t\t<div class=\"elementor-widget-container\">\n\t\t\t\t\t\t\t\t\t<h2>\u00c9diteur<\/h2><p>Aldil\u00e0 Productions<br \/>SAS au capital de 1000 Euros<br \/>Siret : 979 475 811 00017<br \/>RCS : 979 475 811<\/p><p><br \/>Code NAF : 7021Z<br \/>Sie\u0300ge social : L&#8217;onda, 20167 Valle-di-Mezzana<br \/>Te\u0301l : + 33 (0)4 95 21 05 19.<br \/><a href=\"http:\/\/www.aldila.fr\"><u>aldila.fr<\/u><\/a><\/p><p>Pr\u00e9sident\u00a0 : Jean-Christophe ATTARD<br \/>Associ\u00e9es : Susy Alamercery, Am\u00e9lie Sammarcelli, Beata Peresson<\/p><h2>H\u00e9bergement<\/h2><p>OVH<br \/>Si\u00e8ge social : 2 rue Kellermann &#8211; 59100 Roubaix &#8211; France<\/p><h2>Propri\u00e9t\u00e9 intellectuelle \/ Droits conc\u00e9d\u00e9s aux utilisateurs<\/h2><p><em>SAS Aldil\u00e0 Productions<\/em> et\/ou ses partenaires sont les titulaires exclusifs de l\u2019ensemble droits de proprie\u0301te\u0301 intellectuelle tant sur la structure que sur le contenu de qui-magazine.fr, et ce dans le monde entier. <em>SAS Aldil\u00e0 Productions<\/em> consent a\u0300 l\u2019utilisateur du site un droit d\u2019usage prive\u0301, non collectif et non exclusif sur son contenu. L\u2019utilisateur pourra ainsi reproduire tout ou partie du contenu de qui-magazine.fr pour stockage aux ns de repre\u0301sentation sur e\u0301cran monoposte et de reproduction, en un exemplaire, pour copie de sauvegarde ou tirage sur papier. Ce droit est consenti dans le cadre d\u2019un usage personnel exclusivement, toute mise en re\u0301seau, toute rediffusion ou exploitation totale ou partielle de ce contenu dans un cadre professionnel ou commercial, aupre\u0300s des tiers, sous quelque forme que ce soit, e\u0301tant strictement interdite sauf accord pre\u0301alable de la socie\u0301te\u0301 <em>SAS Aldil\u00e0 Productions<\/em>.<\/p><p>Nonobstant les droits de reproduction et de stockage tels que strictement de\u0301finis ci-dessus, et sauf autorisation pre\u0301alable et expresse de <em>SAS Aldil\u00e0 Productions<\/em>, l\u2019utilisateur du site qui-magazine.fr s\u2019interdit de reproduire et\/ou d\u2019utiliser les marques et logos pre\u0301sents sur le site, ainsi que de modifier, copier, traduire, reproduire, vendre, publier, exploiter et di user dans un format nume\u0301rique ou autre, tout ou partie des informations, textes, photos, images, vide\u0301os et donne\u0301es pre\u0301sentes sur ce site, qui constituent des \u0153uvres au sens des dispositions de l\u2019article L112-1 du code de la proprie\u0301te\u0301 intellectuelle.<\/p><p>La violation de ces dispositions impe\u0301ratives soumet le contrevenant, et toutes personnes responsables, aux peines pe\u0301nales et civiles pre\u0301vues par la loi.<\/p><p>LIMITATION DE RESPONSABILITE\u0301<br \/>qui-magazine.fr comporte des e\u0301le\u0301ments et des informations mises a\u0300 disposition par des socie\u0301te\u0301s tiers et\/ou des liens vers d\u2019autres sites internet qui n\u2019ont pas e\u0301te\u0301 de\u0301veloppe\u0301s par <em>SAS Aldil\u00e0 Productions<\/em>. Ce type de contenu est propose\u0301 a\u0300 titre informatif. La pre\u0301sence d\u2019un lien vers un autre site ne constitue en aucun cas une validation de ce site ou de son contenu. C\u2019est donc a\u0300 l\u2019utilisateur d\u2019utiliser ces informations avec discernement et esprit critique. La responsabilite\u0301 de <em>SAS Aldil\u00e0 Productions<\/em> ne pourrait e\u0302tre engage\u0301e du fait de contenu mis a\u0300 disposition par des socie\u0301te\u0301s externes.<\/p>\t\t\t\t\t\t\t\t<\/div>\n\t\t\t\t<\/div>\n\t\t\t\t\t<\/div>\n\t\t\t\t<\/div>\n\t\t\t\t<\/div>\n\t\t","protected":false},"excerpt":{"rendered":"<p>Mentions l\u00e9gales \u00c9diteur Aldil\u00e0 ProductionsSAS au capital de 1000 EurosSiret : 979 475 811 00017RCS : 979 475 811 Code NAF : 7021ZSie\u0300ge social : L&#8217;onda, 20167 Valle-di-MezzanaTe\u0301l : + 33 (0)4 95 21 05 19.aldila.fr Pr\u00e9sident\u00a0 : Jean-Christophe ATTARDAssoci\u00e9es : Susy Alamercery, Am\u00e9lie Sammarcelli, Beata Peresson H\u00e9bergement OVHSi\u00e8ge social : 2 rue Kellermann &#8211; [&hellip;]<\/p>\n","protected":false},"author":1,"featured_media":0,"parent":0,"menu_order":0,"comment_status":"closed","ping_status":"closed","template":"","meta":{"rank_math_lock_modified_date":false,"footnotes":""},"class_list":["post-118","page","type-page","status-publish","hentry"],"_links":{"self":[{"href":"https:\/\/aldila.fr\/index.php\/wp-json\/wp\/v2\/pages\/118","targetHints":{"allow":["GET"]}}],"collection":[{"href":"https:\/\/aldila.fr\/index.php\/wp-json\/wp\/v2\/pages"}],"about":[{"href":"https:\/\/aldila.fr\/index.php\/wp-json\/wp\/v2\/types\/page"}],"author":[{"embeddable":true,"href":"https:\/\/aldila.fr\/index.php\/wp-json\/wp\/v2\/users\/1"}],"replies":[{"embeddable":true,"href":"https:\/\/aldila.fr\/index.php\/wp-json\/wp\/v2\/comments?post=118"}],"version-history":[{"count":4,"href":"https:\/\/aldila.fr\/index.php\/wp-json\/wp\/v2\/pages\/118\/revisions"}],"predecessor-version":[{"id":122,"href":"https:\/\/aldila.fr\/index.php\/wp-json\/wp\/v2\/pages\/118\/revisions\/122"}],"wp:attachment":[{"href":"https:\/\/aldila.fr\/index.php\/wp-json\/wp\/v2\/media?parent=118"}],"curies":[{"name":"wp","href":"https:\/\/api.w.org\/{rel}","templated":true}]}}